{"id":21,"date":"2015-12-03T10:39:12","date_gmt":"2015-12-03T09:39:12","guid":{"rendered":"http:\/\/geek-vs.net\/wordpress\/?page_id=21"},"modified":"2022-12-13T13:54:32","modified_gmt":"2022-12-13T12:54:32","slug":"bienvenue-sur-geek-vs-net","status":"publish","type":"page","link":"https:\/\/geek-vs.net\/wordpress\/fr\/bienvenue-sur-geek-vs-net\/","title":{"rendered":"Bienvenue sur geek-vs.net"},"content":{"rendered":"<p>Bonjour et bienvenu sur mon site personnel.<br \/>\nMon nom est Romain Savioz, je suis \u00e2g\u00e9 de 32 ans. Je suis titulaire d&rsquo;un CFC d&rsquo;informaticien g\u00e9n\u00e9raliste. Je suis passionn\u00e9 par les nouvelles technologies<br \/>\n\u00c0 part l&rsquo;informatique et les nouvelles technologies, je suis membre en cong\u00e9 d&rsquo;un club de tir \u00e0 l&rsquo;arc.<\/p>\n","protected":false},"excerpt":{"rendered":"<p>Bonjour et bienvenu sur mon site personnel. Mon nom est Romain Savioz, je suis \u00e2g\u00e9 de 32 ans. Je suis titulaire d&rsquo;un CFC d&rsquo;informaticien g\u00e9n\u00e9raliste. Je suis passionn\u00e9 par les nouvelles technologies \u00c0 part l&rsquo;informatique et les nouvelles technologies, je suis membre en cong\u00e9 d&rsquo;un club de tir \u00e0 l&rsquo;arc.<\/p>\n","protected":false},"author":1,"featured_media":0,"parent":0,"menu_order":0,"comment_status":"closed","ping_status":"closed","template":"","meta":{"_et_pb_use_builder":"off","_et_pb_old_content":"Bonjour et bienvenu sur mon site personnel.\r\nMon nom est Romain Savioz, je suis \u00e2g\u00e9 de 25 ans. Je suis titulaire d'un CFC d'informaticien g\u00e9n\u00e9raliste. Je suis passionn\u00e9 par les nouvelles technologies\r\n\u00c0 part l'informatique et les nouvelles technologies, je suis b\u00e9n\u00e9vole \u00e0 <a href=\"http:\/\/shsierre.ch\" target=\"_blank\">Sport Handicap Sierre<\/a> et je fais aussi du tir \u00e0 l'arc.","_et_gb_content_width":"","footnotes":""},"class_list":["post-21","page","type-page","status-publish","hentry"],"_links":{"self":[{"href":"https:\/\/geek-vs.net\/wordpress\/wp-json\/wp\/v2\/pages\/21","targetHints":{"allow":["GET"]}}],"collection":[{"href":"https:\/\/geek-vs.net\/wordpress\/wp-json\/wp\/v2\/pages"}],"about":[{"href":"https:\/\/geek-vs.net\/wordpress\/wp-json\/wp\/v2\/types\/page"}],"author":[{"embeddable":true,"href":"https:\/\/geek-vs.net\/wordpress\/wp-json\/wp\/v2\/users\/1"}],"replies":[{"embeddable":true,"href":"https:\/\/geek-vs.net\/wordpress\/wp-json\/wp\/v2\/comments?post=21"}],"version-history":[{"count":20,"href":"https:\/\/geek-vs.net\/wordpress\/wp-json\/wp\/v2\/pages\/21\/revisions"}],"predecessor-version":[{"id":396,"href":"https:\/\/geek-vs.net\/wordpress\/wp-json\/wp\/v2\/pages\/21\/revisions\/396"}],"wp:attachment":[{"href":"https:\/\/geek-vs.net\/wordpress\/wp-json\/wp\/v2\/media?parent=21"}],"curies":[{"name":"wp","href":"https:\/\/api.w.org\/{rel}","templated":true}]}}